{"id":393265,"date":"2024-09-30T11:30:07","date_gmt":"2024-09-30T09:30:07","guid":{"rendered":"https:\/\/www.eunews.it\/?page_id=393265"},"modified":"2024-10-10T09:12:07","modified_gmt":"2024-10-10T07:12:07","slug":"digitalizzazione-e-tecnologie-avanzate","status":"publish","type":"page","link":"https:\/\/www.eunews.it\/en\/rapporto-draghi-parte-b\/digitalizzazione-e-tecnologie-avanzate\/","title":{"rendered":"3. Digitalizzazione e tecnologie avanzate"},"content":{"rendered":"<div class=\"wpb-content-wrapper\"><p>[vc_row][vc_column][vc_column_text css=&#8221;&#8221;]<\/p>\n<blockquote><p><em><strong>Politiche settoriali<\/strong><\/em><\/p><\/blockquote>\n<p>[\/vc_column_text][vc_column_text css=&#8221;&#8221;]<\/p>\n<h2 id='introduzione'  id=\"boomdevs_1\">Introduzione<\/h2>\n<p><strong>La competitivit\u00e0 dell&#8217;UE dipender\u00e0 sempre pi\u00f9 dalla digitalizzazione di tutti i settori e dalla creazione di punti di forza nelle tecnologie avanzate, che favoriranno gli investimenti, la creazione di posti di lavoro e di ricchezza. <\/strong>Nel 2021, il settore delle TIC rappresentava circa il 5,5% del PIL dell&#8217;UE (718 miliardi di euro di valore aggiunto lordo) e quasi il 4,5% dell&#8217;occupazione nell&#8217;economia aziendale (6,7 milioni di occupati) [<a href=\"#note-bibliografiche\">i<\/a>], con un contributo del settore dei servizi superiore a quello della produzione. Al di l\u00e0 delle dimensioni del settore delle TIC in s\u00e9, la digitalizzazione nell&#8217;UE svolge un ruolo fondamentale in tutti i settori industriali e dei servizi, sia in termini di competitivit\u00e0 dei costi (aumento dell&#8217;efficienza e della produttivit\u00e0), sia sempre pi\u00f9 in termini di innovazione e qualit\u00e0 dei prodotti e dei servizi.<\/p>\n<p><strong>La digitalizzazione e l&#8217;impiego dell&#8217;intelligenza artificiale (IA) sono essenziali anche per la capacit\u00e0 delle pubbliche amministrazioni di fornire beni pubblici europei, ad esempio nel campo della salute, della giustizia, dell&#8217;istruzione, del welfare, della mobilit\u00e0 e della protezione ambientale. <\/strong>Inoltre, possono contribuire a ridurre i costi dei servizi pubblici e a massimizzare il sostegno alle imprese. Tuttavia, per sfruttare i vantaggi della digitalizzazione e delle tecnologie avanzate per la competitivit\u00e0 dell&#8217;UE sono necessarie infrastrutture all&#8217;avanguardia (tra cui reti a banda larga ad alta velocit\u00e0 universalmente diffuse e capacit\u00e0 di cloud computing) e il rafforzamento delle competenze digitali dei lavoratori e dei cittadini [<a href=\"#note-bibliografiche\">ii<\/a>].<\/p>\n<p><strong>Anche la digitalizzazione e le tecnologie avanzate possono contribuire all&#8217;autonomia strategica aperta dell&#8217;Europa. <\/strong>L&#8217;inasprimento della competizione geopolitica e le politiche industriali aggressive dei Paesi terzi sulle esportazioni altamente tecnologiche stanno riducendo la sicurezza delle importazioni dell&#8217;UE di tecnologie critiche (ad esempio, semiconduttori) e di fattori produttivi (ad esempio, materie prime critiche). \u00c8 essenziale ripristinare la sicurezza delle catene di approvvigionamento per le tecnologie critiche, rafforzando le capacit\u00e0 e gli asset dell&#8217;UE lungo l&#8217;intera catena del valore in termini di prodotti finali e piattaforme di servizi. Inoltre, la &#8220;perdita di valore dei dati&#8221; (cio\u00e8 la quantit\u00e0 di dati dell&#8217;UE trasferiti a Paesi terzi) \u00e8 oggi stimata al 90%, [<a href=\"#note-bibliografiche\">iii<\/a>]\u00a0con un rischio a lungo termine di perdita di know-how industriale. Questo problema deve essere affrontato, soprattutto alla luce del ruolo cruciale dei dati negli sviluppi digitali.<\/p>\n<p><strong>La digitalizzazione pu\u00f2 anche contribuire alla decarbonizzazione e alla transizione dell&#8217;Europa verso le zero emissioni nette entro il 2050. <\/strong>La connessione di tecnologie avanzate, come l&#8217;internet delle cose (IoT) e i sensori remoti, la produzione additiva e la manutenzione predittiva, ha un grande potenziale per promuovere l&#8217;economia circolare e il risparmio energetico [<a href=\"#note-bibliografiche\">iv<\/a>].<\/p>\n<p><strong>\u00c8 importante notare che la digitalizzazione pu\u00f2 contribuire a rendere il modello sociale europeo pi\u00f9 solido ed equo, soprattutto nei settori chiave dell&#8217;istruzione e della sanit\u00e0 pubblica. <\/strong>In un contesto di diminuzione delle ore lavorate pro capite negli ultimi decenni e di invecchiamento della popolazione, la digitalizzazione dei servizi pubblici pu\u00f2 attenuare le debolezze demografiche e contribuire a migliorare la resilienza socioeconomica e la fornitura di servizi sanitari ed educativi essenziali, preservando gli standard di vita. Alla luce degli elevati rischi di trasferimento dell&#8217;automazione [<a href=\"#note-bibliografiche\">v<\/a>], le competenze digitali sono fondamentali anche per garantire il mantenimento di posti di lavoro di qualit\u00e0, poich\u00e9 il progresso tecnologico comporta rapidi cambiamenti nelle competenze analitiche, critiche e di leadership necessarie per il futuro, al di l\u00e0 della pura istruzione tecnica e della R&amp;S [<a href=\"#note-bibliografiche\">vi<\/a>]. In sostanza, la digitalizzazione dei servizi pubblici pu\u00f2 stimolare guadagni in termini di efficienza, portata e profondit\u00e0 in modo equo e giusto per tutti i cittadini dell&#8217;UE [<a href=\"#nota1\">nota 1<\/a>].[\/vc_column_text][vc_column_text css_animation=&#8221;fadeIn&#8221; css=&#8221;&#8221; el_id=&#8221;nota1&#8243;]<\/p>\n<blockquote><p><strong>NOTA 1<\/strong>. L&#8217;OPEC \u00e8 un&#8217;organizzazione intergovernativa di 12 Paesi esportatori di petrolio.<\/p><\/blockquote>\n<p>[\/vc_column_text][vc_column_text css=&#8221;&#8221;]<strong>Il modello industriale dell&#8217;UE, finora basato sulle importazioni di tecnologie avanzate e sulle esportazioni dai settori dell&#8217;automotive, della meccanica di precisione, della chimica, dei materiali e della moda, non riflette l&#8217;attuale ritmo del cambiamento tecnologico. <\/strong>Il 70% del nuovo valore creato nell&#8217;economia mondiale nei prossimi dieci anni sar\u00e0 frutto della tecnologia digitale [<a href=\"#note-bibliografiche\">vii<\/a>], pertanto il rischio di perdita di valore per l&#8217;UE continua ad aumentare. Mentre l&#8217;UE dipende dai Paesi terzi per oltre l&#8217;80% dei suoi prodotti, servizi, infrastrutture e propriet\u00e0 intellettuale (PI) digitali [<a href=\"#note-bibliografiche\">viii<\/a>], altri blocchi come gli Stati Uniti e la Cina hanno spostato il loro modello economico verso le TIC fin dalla prima rivoluzione di Internet dei primi anni 2000, una tendenza che si \u00e8 accelerata dopo la rivoluzione dell&#8217;IA del 2019. Tra il 2013 e il 2023, la quota di fatturato globale dell&#8217;UE nel settore delle TIC \u00e8 scesa dal 22% al 18%, mentre quella degli Stati Uniti \u00e8 aumentata dal 30% al 38% e quella della Cina dal 10% all&#8217;11% [<a href=\"#figura1\">cfr. Figura 1<\/a>]. L&#8217;UE soffre di una capacit\u00e0 limitata di beneficiare delle dinamiche &#8220;chi vince prende di pi\u00f9&#8221;, degli effetti di rete e delle economie di scala nelle tecnologie chiave, ad eccezione dei materiali di nuova generazione e delle tecnologie pulite. Si stima che lo sviluppo della leadership in tutte queste tecnologie chiave possa valere tra i 2.000 e i 4.000 miliardi di euro di valore aggiunto a livello aziendale entro il 2040 [<a href=\"#note-bibliografiche\">ix<\/a>].[\/vc_column_text][vc_single_image image=&#8221;395221&#8243; img_size=&#8221;full&#8221; add_caption=&#8221;yes&#8221; alignment=&#8221;center&#8221; css_animation=&#8221;fadeIn&#8221; css=&#8221;&#8221; el_id=&#8221;figura1&#8243;][vc_column_text css=&#8221;&#8221;]<strong>Rispetto alle controparti statunitensi e asiatiche, gli operatori tecnologici dell&#8217;UE non hanno attualmente le dimensioni necessarie per sostenere la R&amp;S e investire in telecomunicazioni, servizi cloud, IA e semiconduttori. <\/strong>Nell&#8217;ambito della strategia di competitivit\u00e0 dell&#8217;Europa per il prossimo decennio, le politiche e le iniziative sulla digitalizzazione e sulle tecnologie avanzate, sostenute da ingenti finanziamenti pubblici e privati, devono essere prioritarie in tre aree:<\/p>\n<ul>\n<li><strong>3.1. Reti a banda larga ad alta velocit\u00e0\/capacit\u00e0 e relative apparecchiature e software <\/strong>(ovvero reti fisse, wireless e satellitari\/ibride) per consentire la connettivit\u00e0 e la distribuzione di servizi digitali sicuri, capillari e sostenibili, essenziali per i cittadini e le imprese dell&#8217;UE.<\/li>\n<li><strong>3.2. Computing e IA<\/strong>, ovvero infrastrutture, piattaforme e tecnologie avanzate necessarie per sviluppare e scalare autonomamente i servizi digitali, consentendo alle aziende di innovare, aumentare la produttivit\u00e0 e crescere, in particolare per quanto riguarda il cloud, il calcolo ad alte prestazioni e la quantistica, nonch\u00e9 l&#8217;IA e le sue applicazioni industriali.<\/li>\n<li><strong>3.3. Semiconduttori<\/strong>, un motore e un fattore abilitante fondamentale per la catena del valore dell&#8217;elettronica e un elemento strategico per la sicurezza e la forza industriale dell&#8217;Europa in tutti i settori.<\/li>\n<\/ul>\n<p>[\/vc_column_text][vc_empty_space height=&#8221;64px&#8221;][vc_column_text css=&#8221;&#8221; el_id=&#8221;note-bibliografiche&#8221;]<\/p>\n<blockquote id=\"note-bibliografiche\">\n<h2 id='note-bibliografiche'  id=\"boomdevs_2\" class=\"no-number\"><strong>Note bibliografiche<\/strong><\/h2>\n<p><strong>I <\/strong>Eurostat, \u2018<u>ICT Sector &#8211; value added, employment and R&amp;D<\/u>\u2019, 2024.<\/p>\n<p><strong>ii <\/strong>EIB, EIB Investment Report 2022\/2023, <u>Resilience and renewal in Europe<\/u>, 28 February 2023.<\/p>\n<p><strong>iii <\/strong>COM(2021) 118 final, Brussels, 9 March 2021. UNCTAD, <u>Digital Economy Report 2019<\/u>, 4 September 2019.<\/p>\n<p><strong>iv <\/strong>COM(2022) 289 final, Brussels, 29 June 2022.<\/p>\n<p><strong>v <\/strong>McKinsey, The economic potential of generative AI: <u>The next productivity frontier<\/u>, 2023.<\/p>\n<p><strong>vi <\/strong>Renda, A., Balland, P. A. and L., Bosoer, <u>The Technology\/ Jobs Puzzle: A European Perspective<\/u>, 2023.<\/p>\n<p><strong>vii <\/strong>WEF, \u2018<u>Why we need to ramp up tech diplomacy to harness opportunities of the digital economy<\/u>\u2019, 28 December 2023.<\/p>\n<p><strong>viii <\/strong>COM(2023) 570 final, Brussels, 29 September 2023.<\/p>\n<p><strong>ix <\/strong>Mc Kinsey, \u2018<u>Securing Europe\u2019s competitiveness: Addressing its technology gap<\/u>\u2019, 22 September 2022.<\/p>\n<p><strong>x <\/strong>COM(2024) 81 final, Brussels, 21 February 2024, p. 14.<\/p>\n<p><strong>xi <\/strong>Cullen International, \u2018Mapping EU Regulators\u2019, forthcoming.<\/p>\n<p><strong>xii <\/strong>See reference viii.<\/p>\n<p><strong>xiii <\/strong>For the EU, see reference vii. For the US, see BCG, \u2018<u>Accelerating the 5G Economy in the US\u2019<\/u>, 2023. For China, see Ericsson Mobility Report data and forecasts, \u2018<u>5G network coverage outlook 2023<\/u>\u2019, 2023.<\/p>\n<p><strong>xiv <\/strong>See reference viii.<\/p>\n<p><strong>xv <\/strong>ITU, \u2018<u>Facts and Figures 2023, Internet Traffic<\/u>\u2019, 2023.<\/p>\n<p><strong>xvi <\/strong>Deloitte, \u2018<u>Decision time for Europe\u2019s telcos<\/u>\u2019, 2023.<\/p>\n<p><strong>xvii <\/strong>See reference viii.<\/p>\n<p><strong>xviii <\/strong>Dell\u2019Oro Group, \u2018<u>Total Telcom Equipment Market Grows 2 Percent in 1H23<\/u>\u2019, 2023.<\/p>\n<p><strong>xix <\/strong>Statcounter Global Stats, 2023: <u>https:\/\/gs.statcounter. com\/os-market-share\/mobile\/europe\/<\/u>.<\/p>\n<p><strong>xx <\/strong>Statcounter Global Stats, \u2018<u>Mobile Vendor Market Share in Europe<\/u>\u2019, April 2024. For market shares by shipment volumes see <u>https:\/\/www.statista.com\/statistics\/632599\/ smartphone-market-share-by-vendor-in-europe\/<\/u>.<\/p>\n<p><strong>xxi <\/strong>COM(2024) 81 final, Brussels, 21 February 2024.<\/p>\n<p><strong>xxii <\/strong>See reference viii.<\/p>\n<p><strong>xxiii <\/strong>See reference ii.<\/p>\n<p><strong>xxiv <\/strong>Similarweb ranking: <u>https:\/\/www.similarweb.com\/top-websites\/e-commerce-and-shopping\/marketplace\/. <\/u><\/p>\n<p><strong>xxv <\/strong><u>https:\/\/ec.europa.eu\/commission\/presscorner\/detail\/en\/ip_24_2561. <\/u><\/p>\n<p><strong>xxvi <\/strong><u>https:\/\/www.statista.com\/forecasts\/1235161\/europe-cloud-computing-market-size-by-segment. <\/u><\/p>\n<p><strong>xxvii <\/strong>Grand View Research, \u2018<u>High Performance Computing Market and Segment Forecast to 2030<\/u>\u2019, February 2023.<\/p>\n<p><strong>xxviii <\/strong>Euro-HPC, <u>Press release<\/u>, 13 November 2023.<\/p>\n<p><strong>xxix <\/strong>See reference viii.<\/p>\n<p><strong>xxx <\/strong>LEAM:AI, \u2018<u>Large AI Models for Germany \u2013 Feasibility Study 2023<\/u>\u2019, 2023. Moreover, in 2023 only, around two thirds of all notable machine learning models were released in the US: see Stanford University, \u2018<u>Artificial Intelligence Index Report 2024<\/u>\u2019, 2024.<\/p>\n<p><strong>xxxi <\/strong>Renda, A. and P. A., Balland, \u2018<u>Forge Ahead or Fall Behind &#8211; Why we need a United Europe of Artificial Intelligence<\/u>\u2019, CEPS Explainer, 2023.<\/p>\n<p><strong>xxxii <\/strong>International Federation of Robotics, \u2018<u>World Robotics 2022<\/u>\u2019, 2022. Both professional and consumer applications.<\/p>\n<p><strong>xxxiii <\/strong>International Federation of Robotics, \u2018<u>World Robotics 2023<\/u>\u2019, 2023.<\/p>\n<p><strong>xxxiv <\/strong>BCG, 2022: <u>https:\/\/www.bcg.com\/press\/25august2022- quantum-tech-race-europe-cant-afford-to-lose. <\/u><\/p>\n<p><strong>xxxv <\/strong>US Department of Home Security, 2021: <u>https:\/\/www.dhs.gov\/ sites\/default\/files\/publications\/post-quantum_cryptography_ infographic_october_2021_508.pdf. <\/u>Candelon, F., Bobier, J. F., Courtaux, M. and G., Nahas, \u2018<u>Can Europe Catch up with the US (and China) in Quantum Computing<\/u>\u2019, August 2022.<\/p>\n<p><strong>xxxvi <\/strong>McKinsey &amp; Company, \u2018<u>Quantum Technology Monitor<\/u>\u2019, 2022. McKinsey &amp; Company, \u2018<u>Quantum Technology Monitor<\/u>\u2019, 2023.<\/p>\n<p><strong>xxxvii <\/strong>BCG, \u2018<u>Eliminating the Ugliest 4 Hours of Your Work Week with GenAI<\/u>\u2019, April 2024.<\/p>\n<p><strong>xxxviii <\/strong>European Commission, <u>Press Release IP\/24\/383<\/u>, 24 January 2024.<\/p>\n<p><strong>xxxix <\/strong><u>https:\/\/www.darpa.mil\/news-events\/2023-08-09. <\/u><\/p>\n<p><strong>xl <\/strong><u>https:\/\/globalaichallenge.com\/en\/home. <\/u><\/p>\n<p><strong>xli <\/strong><u>https:\/\/fastcompanyme.com\/news\/dubai-launches-a-global-ai-competition-with-a-prize-pool-of-over-200000\/. <\/u><\/p>\n<p><strong>xlii <\/strong>World Semiconductor Trade Statistics, \u2018<u>2023 Report<\/u>\u2019, 2023.<\/p>\n<p><strong>xliii <\/strong>European Commission, <u>Press Release IP\/23\/2045<\/u>, 18 April 2023.<\/p><\/blockquote>\n<p>[\/vc_column_text][\/vc_column][\/vc_row][vc_row][vc_column][vc_empty_space height=&#8221;64px&#8221;][\/vc_column][\/vc_row]<\/p>\n<\/div>","protected":false},"excerpt":{"rendered":"<p>[vc_row][vc_column][vc_column_text css=&#8221;&#8221;] Politiche settoriali [\/vc_column_text][vc_column_text css=&#8221;&#8221;] Introduzione La competitivit\u00e0 dell&#8217;UE dipender\u00e0 sempre pi\u00f9 dalla digitalizzazione di tutti i settori e dalla creazione di punti di forza nelle tecnologie avanzate, che favoriranno gli investimenti, la creazione di posti di lavoro e di ricchezza. Nel 2021, il settore delle TIC rappresentava circa il 5,5% del PIL dell&#8217;UE [&hellip;]<\/p>\n","protected":false},"author":1,"featured_media":0,"parent":388071,"menu_order":0,"comment_status":"closed","ping_status":"closed","template":"","meta":{"_acf_changed":false,"episode_type":"","audio_file":"","podmotor_file_id":"","podmotor_episode_id":"","cover_image":"","cover_image_id":"","duration":"","filesize":"","filesize_raw":"","date_recorded":"","explicit":"","block":"","jnews_page_loop":{"enable_page_loop":"0","first_title":"Latest Post","second_title":"","header_type":"heading_6","header_background":"","header_text_color":"","layout":"right-sidebar","sidebar":"default-sidebar","second_sidebar":"default-sidebar","sticky_sidebar":"1","module":"3","boxed":"0","boxed_shadow":"0","box_shadow":"0","excerpt_length":"20","content_date":"default","date_custom":"Y\/m\/d","content_pagination":"nav_1","pagination_align":"center","show_navtext":"0","show_pageinfo":"0","post_sticky":"0","post_offset":"0","posts_per_page":"5","include_post":"","exclude_post":"","include_category":"","exclude_category":"","include_author":"","include_tag":"","exclude_tag":"","sort_by":"latest"},"jnews_single_page":{"layout":"right-sidebar","sidebar":"rapporto-draghi","second_sidebar":"default-sidebar","sticky_sidebar":"1","show_post_featured":"1","show_post_meta":"0","share_position":"top","share_color":"share-monocrhome"},"footnotes":""},"class_list":["post-393265","page","type-page","status-publish","hentry"],"acf":[],"_links":{"self":[{"href":"https:\/\/www.eunews.it\/en\/wp-json\/wp\/v2\/pages\/393265","targetHints":{"allow":["GET"]}}],"collection":[{"href":"https:\/\/www.eunews.it\/en\/wp-json\/wp\/v2\/pages"}],"about":[{"href":"https:\/\/www.eunews.it\/en\/wp-json\/wp\/v2\/types\/page"}],"author":[{"embeddable":true,"href":"https:\/\/www.eunews.it\/en\/wp-json\/wp\/v2\/users\/1"}],"replies":[{"embeddable":true,"href":"https:\/\/www.eunews.it\/en\/wp-json\/wp\/v2\/comments?post=393265"}],"version-history":[{"count":6,"href":"https:\/\/www.eunews.it\/en\/wp-json\/wp\/v2\/pages\/393265\/revisions"}],"predecessor-version":[{"id":396540,"href":"https:\/\/www.eunews.it\/en\/wp-json\/wp\/v2\/pages\/393265\/revisions\/396540"}],"up":[{"embeddable":true,"href":"https:\/\/www.eunews.it\/en\/wp-json\/wp\/v2\/pages\/388071"}],"wp:attachment":[{"href":"https:\/\/www.eunews.it\/en\/wp-json\/wp\/v2\/media?parent=393265"}],"curies":[{"name":"wp","href":"https:\/\/api.w.org\/{rel}","templated":true}]}}